{"id":188,"date":"2026-01-18T14:34:16","date_gmt":"2026-01-18T05:34:16","guid":{"rendered":"https:\/\/kidorui.com\/?page_id=188"},"modified":"2026-01-18T14:34:17","modified_gmt":"2026-01-18T05:34:17","slug":"contacto-consultas","status":"publish","type":"page","link":"https:\/\/kidorui.com\/?page_id=188","title":{"rendered":"Contacto \/ Consultas"},"content":{"rendered":"\n<p>Para consultas relacionadas con la <strong>adquisici\u00f3n de tierras raras<\/strong>, la <strong>exportaci\u00f3n a Jap\u00f3n<\/strong> y la <strong>cooperaci\u00f3n comercial<\/strong>,<br>por favor cont\u00e1ctenos a trav\u00e9s del siguiente correo electr\u00f3nico:<\/p>\n\n\n\n<p>\ud83d\udce9 <strong><a>sales@kidorui.com<\/a><\/strong><\/p>\n\n\n\n<p>Este canal est\u00e1 dirigido exclusivamente a <strong>empresas y profesionales del sector<\/strong>.<br>Los contenidos ser\u00e1n revisados y responderemos seg\u00fan la naturaleza de cada consulta.<\/p>\n\n\n\n<hr class=\"wp-block-separator has-alpha-channel-opacity\"\/>\n\n\n\n<h2 class=\"wp-block-heading\">\ud83e\udded Ventanilla de consulta sobre adquisici\u00f3n de tierras raras y exportaci\u00f3n a Jap\u00f3n<\/h2>\n\n\n\n<hr class=\"wp-block-separator has-alpha-channel-opacity\"\/>\n\n\n\n<h2 class=\"wp-block-heading\">\ud83d\udccc Posicionamiento del sitio<\/h2>\n\n\n\n<p><strong>Kidorui.com<\/strong> es un <strong>sitio especializado en informaci\u00f3n profesional<\/strong> que publica de forma continua an\u00e1lisis sobre la <strong>industria de tierras raras en China<\/strong>, incluyendo:<\/p>\n\n\n\n<ul class=\"wp-block-list\">\n<li>evoluci\u00f3n del sector<\/li>\n\n\n\n<li>pol\u00edticas y regulaciones<\/li>\n\n\n\n<li>mercado<\/li>\n\n\n\n<li>tecnolog\u00edas relacionadas<\/li>\n<\/ul>\n\n\n\n<p>Adem\u00e1s de ofrecer informaci\u00f3n industrial, el sitio act\u00faa como <strong>plataforma de consulta pr\u00e1ctica<\/strong> para <strong>empresas japonesas<\/strong> interesadas en la <strong>adquisici\u00f3n, suministro y exportaci\u00f3n<\/strong> de productos relacionados con tierras raras desde China.<\/p>\n\n\n\n<p>El objetivo de esta ventanilla es <strong>facilitar el intercambio de informaci\u00f3n<\/strong>, evaluar la <strong>viabilidad real de la adquisici\u00f3n<\/strong> y apoyar la <strong>construcci\u00f3n de relaciones comerciales sostenibles a largo plazo<\/strong>, teniendo en cuenta el entorno del mercado y los marcos regulatorios.<\/p>\n\n\n\n<hr class=\"wp-block-separator has-alpha-channel-opacity\"\/>\n\n\n\n<h2 class=\"wp-block-heading\">\ud83d\uddc2\ufe0f Principales temas de consulta<\/h2>\n\n\n\n<p>Se puede realizar intercambio de informaci\u00f3n y consultas a nivel pr\u00e1ctico sobre los siguientes temas:<\/p>\n\n\n\n<ul class=\"wp-block-list\">\n<li>Viabilidad de adquirir productos relacionados con tierras raras desde China<\/li>\n\n\n\n<li>Confirmaci\u00f3n de productos y formas exportables al mercado japon\u00e9s<\/li>\n\n\n\n<li>Organizaci\u00f3n de informaci\u00f3n sobre <strong>especificaciones, aplicaciones, vol\u00famenes y condiciones de suministro<\/strong><\/li>\n\n\n\n<li>Evaluaci\u00f3n de riesgos de adquisici\u00f3n basados en la situaci\u00f3n de oferta en China<\/li>\n\n\n\n<li>Intercambio de opiniones sobre <strong>socios de suministro a medio y largo plazo<\/strong><\/li>\n\n\n\n<li>Informaci\u00f3n de referencia para decisiones de adquisici\u00f3n basada en pol\u00edticas y tendencias de mercado<\/li>\n<\/ul>\n\n\n\n<blockquote class=\"wp-block-quote is-layout-flow wp-block-quote-is-layout-flow\">\n<p>\u26a0\ufe0f <strong>Nota<\/strong><br>Este canal <strong>no tiene como objetivo la compraventa inmediata<\/strong>, sino la <strong>evaluaci\u00f3n previa, confirmaci\u00f3n y consulta t\u00e9cnica\/comercial<\/strong>.<\/p>\n<\/blockquote>\n\n\n\n<hr class=\"wp-block-separator has-alpha-channel-opacity\"\/>\n\n\n\n<h2 class=\"wp-block-heading\">\ud83e\uddea \u00c1mbitos relacionados con tierras raras que podemos cubrir<\/h2>\n\n\n\n<p>Actualmente, podemos proporcionar informaci\u00f3n principalmente en los siguientes campos.<\/p>\n\n\n\n<hr class=\"wp-block-separator has-alpha-channel-opacity\"\/>\n\n\n\n<h2 class=\"wp-block-heading\">\ud83d\udcda Lista completa de materiales relacionados con tierras raras<\/h2>\n\n\n\n<p>Esta p\u00e1gina es un <strong>documento t\u00e9cnico<\/strong> organizado utilizando \u00fanicamente <strong>terminolog\u00eda est\u00e1ndar en japon\u00e9s<\/strong>, tal como se emplea en la <strong>industria de materiales, instituciones de investigaci\u00f3n y manufactura<\/strong>.<br>La estructura es <strong>directamente publicable en WordPress<\/strong> para sitios corporativos o B2B.<\/p>\n\n\n\n<hr class=\"wp-block-separator has-alpha-channel-opacity\"\/>\n\n\n\n<h2 class=\"wp-block-heading\">1\ufe0f\u20e3 Elementos de tierras raras (17 elementos)<\/h2>\n\n\n\n<p>Las tierras raras incluyen <strong>escandio (Sc)<\/strong>, <strong>itrio (Y)<\/strong> y los <strong>15 lant\u00e1nidos<\/strong>.<\/p>\n\n\n\n<figure class=\"wp-block-table\"><table class=\"has-fixed-layout\"><thead><tr><th>S\u00edmbolo<\/th><th>Nombre (japon\u00e9s est\u00e1ndar)<\/th><\/tr><\/thead><tbody><tr><td>Sc<\/td><td>Escandio<\/td><\/tr><tr><td>Y<\/td><td>Itrio<\/td><\/tr><tr><td>La<\/td><td>Lantano<\/td><\/tr><tr><td>Ce<\/td><td>Cerio<\/td><\/tr><tr><td>Pr<\/td><td>Praseodimio<\/td><\/tr><tr><td>Nd<\/td><td>Neodimio<\/td><\/tr><tr><td>Pm<\/td><td>Prometio<\/td><\/tr><tr><td>Sm<\/td><td>Samario<\/td><\/tr><tr><td>Eu<\/td><td>Europio<\/td><\/tr><tr><td>Gd<\/td><td>Gadolinio<\/td><\/tr><tr><td>Tb<\/td><td>Terbio<\/td><\/tr><tr><td>Dy<\/td><td>Disprosio<\/td><\/tr><tr><td>Ho<\/td><td>Holmio<\/td><\/tr><tr><td>Er<\/td><td>Erbio<\/td><\/tr><tr><td>Tm<\/td><td>Tulio<\/td><\/tr><tr><td>Yb<\/td><td>Iterbio<\/td><\/tr><tr><td>Lu<\/td><td>Lutecio<\/td><\/tr><\/tbody><\/table><\/figure>\n\n\n\n<hr class=\"wp-block-separator has-alpha-channel-opacity\"\/>\n\n\n\n<h2 class=\"wp-block-heading\">2\ufe0f\u20e3 \u00d3xidos de tierras raras (uso industrial \/ alta pureza)<\/h2>\n\n\n\n<p>Los \u00f3xidos de tierras raras se utilizan ampliamente en <strong>materiales de pulido, imanes, lumin\u00f3foros, electr\u00f3nica y cer\u00e1mica<\/strong>.<\/p>\n\n\n\n<figure class=\"wp-block-table\"><table class=\"has-fixed-layout\"><thead><tr><th>Material<\/th><th>F\u00f3rmula<\/th><th>CAS<\/th><th>Pureza<\/th><th>Tama\u00f1o t\u00edpico<\/th><th>Aplicaciones<\/th><\/tr><\/thead><tbody><tr><td>\u00d3xido de lantano<\/td><td>La\u2082O\u2083<\/td><td>1312-81-8<\/td><td>99.9\u201399.99%<\/td><td>0.5\u20135 \u03bcm<\/td><td>Vidrio \u00f3ptico, catalizadores<\/td><\/tr><tr><td>\u00d3xido de cerio<\/td><td>CeO\u2082<\/td><td>1306-38-3<\/td><td>99\u201399.99%<\/td><td>0.1\u20133 \u03bcm<\/td><td>Pulido, catalizadores<\/td><\/tr><tr><td>\u00d3xido de neodimio<\/td><td>Nd\u2082O\u2083<\/td><td>1313-97-9<\/td><td>99.9\u201399.99%<\/td><td>1\u20135 \u03bcm<\/td><td>Imanes Nd, l\u00e1ser<\/td><\/tr><tr><td>\u00d3xido de disprosio<\/td><td>Dy\u2082O\u2083<\/td><td>1308-87-8<\/td><td>99.9%<\/td><td>1\u20133 \u03bcm<\/td><td>Imanes resistentes al calor<\/td><\/tr><tr><td>\u00d3xido de itrio<\/td><td>Y\u2082O\u2083<\/td><td>1314-36-9<\/td><td>99.99%<\/td><td>0.5\u20133 \u03bcm<\/td><td>Cer\u00e1mica, LED<\/td><\/tr><\/tbody><\/table><\/figure>\n\n\n\n<hr class=\"wp-block-separator has-alpha-channel-opacity\"\/>\n\n\n\n<h2 class=\"wp-block-heading\">3\ufe0f\u20e3 Metales de tierras raras (lingotes \/ bloques)<\/h2>\n\n\n\n<figure class=\"wp-block-table\"><table class=\"has-fixed-layout\"><thead><tr><th>Material<\/th><th>CAS<\/th><th>Pureza<\/th><th>Forma<\/th><th>Uso principal<\/th><\/tr><\/thead><tbody><tr><td>Lantano met\u00e1lico<\/td><td>7439-91-0<\/td><td>99\u201399.9%<\/td><td>Lingote<\/td><td>Aleaciones, bater\u00edas<\/td><\/tr><tr><td>Cerio met\u00e1lico<\/td><td>7440-45-1<\/td><td>99\u201399.9%<\/td><td>Lingote<\/td><td>Aditivos metal\u00fargicos<\/td><\/tr><tr><td>Neodimio met\u00e1lico<\/td><td>7440-00-8<\/td><td>99\u201399.5%<\/td><td>Lingote<\/td><td>Materia prima para imanes<\/td><\/tr><tr><td>Disprosio met\u00e1lico<\/td><td>7429-91-6<\/td><td>99\u201399.9%<\/td><td>Lingote<\/td><td>Imanes de alta coercitividad<\/td><\/tr><tr><td>Itrio met\u00e1lico<\/td><td>7440-65-5<\/td><td>99\u201399.9%<\/td><td>Bloque<\/td><td>Aleaciones resistentes al calor<\/td><\/tr><\/tbody><\/table><\/figure>\n\n\n\n<hr class=\"wp-block-separator has-alpha-channel-opacity\"\/>\n\n\n\n<h2 class=\"wp-block-heading\">4\ufe0f\u20e3 Aleaciones y materiales funcionales<\/h2>\n\n\n\n<figure class=\"wp-block-table\"><table class=\"has-fixed-layout\"><thead><tr><th>Material<\/th><th>Descripci\u00f3n<\/th><th>Aplicaci\u00f3n<\/th><\/tr><\/thead><tbody><tr><td>Aleaci\u00f3n Pr\u2013Nd<\/td><td>Aleaci\u00f3n ligera<\/td><td>Imanes de neodimio<\/td><\/tr><tr><td>Aleaci\u00f3n Pr\u2013Nd\u2013Dy<\/td><td>Aleaci\u00f3n con tierras raras pesadas<\/td><td>Imanes resistentes al calor<\/td><\/tr><tr><td>Mischmetal<\/td><td>Mezcla de varias tierras raras<\/td><td>Bater\u00edas, metalurgia<\/td><\/tr><tr><td>Mischmetal grado bater\u00eda<\/td><td>Alta pureza<\/td><td>Bater\u00edas Ni-MH<\/td><\/tr><tr><td>Aleaci\u00f3n Y\u2013Al<\/td><td>Aleaci\u00f3n resistente al calor<\/td><td>Aeroespacial<\/td><\/tr><\/tbody><\/table><\/figure>\n\n\n\n<hr class=\"wp-block-separator has-alpha-channel-opacity\"\/>\n\n\n\n<h2 class=\"wp-block-heading\">5\ufe0f\u20e3 Compuestos de tierras raras<\/h2>\n\n\n\n<figure class=\"wp-block-table\"><table class=\"has-fixed-layout\"><thead><tr><th>Material<\/th><th>F\u00f3rmula<\/th><th>CAS<\/th><th>Uso<\/th><\/tr><\/thead><tbody><tr><td>Fluoruro de lantano<\/td><td>LaF\u2083<\/td><td>13709-38-1<\/td><td>Recubrimientos \u00f3pticos<\/td><\/tr><tr><td>Fluoruro de neodimio<\/td><td>NdF\u2083<\/td><td>13709-42-7<\/td><td>Refinado met\u00e1lico<\/td><\/tr><tr><td>Hexaboruro de lantano<\/td><td>LaB\u2086<\/td><td>12008-21-8<\/td><td>Emisi\u00f3n electr\u00f3nica<\/td><\/tr><tr><td>Zirconia estabilizada con itria<\/td><td>ZrO\u2082\u2013Y\u2082O\u2083<\/td><td>114168-16-0<\/td><td>Recubrimientos t\u00e9rmicos<\/td><\/tr><\/tbody><\/table><\/figure>\n\n\n\n<hr class=\"wp-block-separator has-alpha-channel-opacity\"\/>\n\n\n\n<h2 class=\"wp-block-heading\">6\ufe0f\u20e3 Clasificaci\u00f3n por aplicaci\u00f3n<\/h2>\n\n\n\n<ul class=\"wp-block-list\">\n<li><strong>Materiales para imanes permanentes<\/strong>\n<ul class=\"wp-block-list\">\n<li>Imanes de neodimio<\/li>\n\n\n\n<li>Imanes Sm-Co<\/li>\n\n\n\n<li>Imanes con tierras raras pesadas<\/li>\n<\/ul>\n<\/li>\n\n\n\n<li><strong>Materiales luminiscentes<\/strong>\n<ul class=\"wp-block-list\">\n<li>F\u00f3sforos de europio<\/li>\n\n\n\n<li>F\u00f3sforos de terbio<\/li>\n\n\n\n<li>Materiales tipo YAG<\/li>\n<\/ul>\n<\/li>\n\n\n\n<li><strong>Catalizadores<\/strong>\n<ul class=\"wp-block-list\">\n<li>Catalizadores a base de cerio<\/li>\n\n\n\n<li>Zeolitas de tierras raras<\/li>\n<\/ul>\n<\/li>\n\n\n\n<li><strong>Pulido<\/strong>\n<ul class=\"wp-block-list\">\n<li>\u00d3xido de cerio para pulido<\/li>\n<\/ul>\n<\/li>\n\n\n\n<li><strong>Energ\u00eda y bater\u00edas<\/strong>\n<ul class=\"wp-block-list\">\n<li>Electrodos Ni-MH<\/li>\n\n\n\n<li>Aleaciones de almacenamiento de hidr\u00f3geno<\/li>\n<\/ul>\n<\/li>\n<\/ul>\n\n\n\n<hr class=\"wp-block-separator has-alpha-channel-opacity\"\/>\n\n\n\n<h2 class=\"wp-block-heading\">7\ufe0f\u20e3 Minerales de tierras raras<\/h2>\n\n\n\n<ul class=\"wp-block-list\">\n<li>Monacita<\/li>\n\n\n\n<li>Bastnasita<\/li>\n\n\n\n<li>Xenotima<\/li>\n\n\n\n<li>Arcillas de adsorci\u00f3n i\u00f3nica<\/li>\n\n\n\n<li>Lodos de tierras raras<\/li>\n\n\n\n<li>Escorias de tierras raras<\/li>\n<\/ul>\n\n\n\n<hr class=\"wp-block-separator has-alpha-channel-opacity\"\/>\n\n\n\n<h2 class=\"wp-block-heading\">8\ufe0f\u20e3 Clasificaci\u00f3n por pureza (referencia)<\/h2>\n\n\n\n<ul class=\"wp-block-list\">\n<li>Grado industrial: <strong>90\u201399%<\/strong><\/li>\n\n\n\n<li>Alta pureza: <strong>99.9\u201399.99%<\/strong><\/li>\n\n\n\n<li>Ultra alta pureza: <strong>\u226599.999%<\/strong><\/li>\n<\/ul>\n\n\n\n<blockquote class=\"wp-block-quote is-layout-flow wp-block-quote-is-layout-flow\">\n<p>Este contenido tiene fines <strong>informativos y t\u00e9cnicos<\/strong>.<br>Las especificaciones reales dependen del uso y las condiciones de suministro.<\/p>\n<\/blockquote>\n\n\n\n<hr class=\"wp-block-separator has-alpha-channel-opacity\"\/>\n\n\n\n<h2 class=\"wp-block-heading\">\ud83d\udea2 Enfoque sobre exportaci\u00f3n y comercio<\/h2>\n\n\n\n<p>La exportaci\u00f3n de productos de tierras raras est\u00e1 sujeta a las <strong>pol\u00edticas, regulaciones y sistemas de gesti\u00f3n vigentes en China<\/strong>.<\/p>\n\n\n\n<p>Este sitio prioriza la <strong>informaci\u00f3n basada en la normativa actual y la pr\u00e1ctica real<\/strong>, y <strong>no promueve transacciones que infrinjan regulaciones<\/strong> ni propuestas con baja viabilidad.<\/p>\n\n\n\n<p>El principio fundamental es el <strong>intercambio de informaci\u00f3n y la consulta<\/strong>, basados en <strong>posibilidades reales, sostenibles y a largo plazo<\/strong> de adquisici\u00f3n y suministro.<\/p>\n\n\n\n<hr class=\"wp-block-separator has-alpha-channel-opacity\"\/>\n\n\n\n<h2 class=\"wp-block-heading\">\ud83d\udce9 Contacto<\/h2>\n\n\n\n<p>Para consultas relacionadas con <strong>adquisici\u00f3n de tierras raras, exportaci\u00f3n a Jap\u00f3n y cooperaci\u00f3n comercial<\/strong>,<br>por favor escr\u00edbanos a:<\/p>\n\n\n\n<p>\ud83d\udce9 <strong><a>sales@kidorui.com<\/a><\/strong><\/p>\n\n\n\n<p>Este es un canal exclusivo para <strong>empresas y operadores del sector<\/strong>.<br>Las consultas ser\u00e1n evaluadas y respondidas seg\u00fan corresponda.<\/p>\n\n\n\n<hr class=\"wp-block-separator has-alpha-channel-opacity\"\/>\n\n\n\n<h2 class=\"wp-block-heading\">\u26a0\ufe0f Aviso legal<\/h2>\n\n\n\n<p>Este contenido tiene como objetivo la <strong>divulgaci\u00f3n de informaci\u00f3n industrial y la consulta pr\u00e1ctica<\/strong>,<br>y <strong>no garantiza la venta de productos ni la concreci\u00f3n de transacciones comerciales<\/strong>.<\/p>\n","protected":false},"excerpt":{"rendered":"<p>Para consultas relacionadas con la adquisici\u00f3n de tierr [&hellip;]<\/p>\n","protected":false},"author":1,"featured_media":0,"parent":174,"menu_order":0,"comment_status":"closed","ping_status":"closed","template":"","meta":{"footnotes":""},"class_list":["post-188","page","type-page","status-publish","hentry"],"_links":{"self":[{"href":"https:\/\/kidorui.com\/index.php?rest_route=\/wp\/v2\/pages\/188","targetHints":{"allow":["GET"]}}],"collection":[{"href":"https:\/\/kidorui.com\/index.php?rest_route=\/wp\/v2\/pages"}],"about":[{"href":"https:\/\/kidorui.com\/index.php?rest_route=\/wp\/v2\/types\/page"}],"author":[{"embeddable":true,"href":"https:\/\/kidorui.com\/index.php?rest_route=\/wp\/v2\/users\/1"}],"replies":[{"embeddable":true,"href":"https:\/\/kidorui.com\/index.php?rest_route=%2Fwp%2Fv2%2Fcomments&post=188"}],"version-history":[{"count":1,"href":"https:\/\/kidorui.com\/index.php?rest_route=\/wp\/v2\/pages\/188\/revisions"}],"predecessor-version":[{"id":189,"href":"https:\/\/kidorui.com\/index.php?rest_route=\/wp\/v2\/pages\/188\/revisions\/189"}],"up":[{"embeddable":true,"href":"https:\/\/kidorui.com\/index.php?rest_route=\/wp\/v2\/pages\/174"}],"wp:attachment":[{"href":"https:\/\/kidorui.com\/index.php?rest_route=%2Fwp%2Fv2%2Fmedia&parent=188"}],"curies":[{"name":"wp","href":"https:\/\/api.w.org\/{rel}","templated":true}]}}