{"id":171,"date":"2026-01-18T13:35:45","date_gmt":"2026-01-18T04:35:45","guid":{"rendered":"https:\/\/kidorui.com\/?page_id=171"},"modified":"2026-01-18T14:11:26","modified_gmt":"2026-01-18T05:11:26","slug":"thong-tin-lien-he","status":"publish","type":"page","link":"https:\/\/kidorui.com\/?page_id=171","title":{"rendered":"Th\u00f4ng tin li\u00ean h\u1ec7"},"content":{"rendered":"\n<h2 class=\"wp-block-heading\"><\/h2>\n\n\n\n<p>M\u1ecdi y\u00eau c\u1ea7u t\u01b0 v\u1ea5n li\u00ean quan \u0111\u1ebfn <strong>thu mua \u0111\u1ea5t hi\u1ebfm, xu\u1ea5t kh\u1ea9u sang Nh\u1eadt B\u1ea3n v\u00e0 h\u1ee3p t\u00e1c giao d\u1ecbch<\/strong>,<br>vui l\u00f2ng li\u00ean h\u1ec7 v\u1edbi ch\u00fang t\u00f4i qua \u0111\u1ecba ch\u1ec9 email d\u01b0\u1edbi \u0111\u00e2y.<\/p>\n\n\n\n<p>\ud83d\udce9 <strong><a>sales@kidorui.com<\/a><\/strong><\/p>\n\n\n\n<p>\u0110\u00e2y l\u00e0 <strong>\u0111i\u1ec3m li\u00ean h\u1ec7 d\u00e0nh cho doanh nghi\u1ec7p v\u00e0 th\u01b0\u01a1ng nh\u00e2n<\/strong>.<br>N\u1ed9i dung li\u00ean h\u1ec7 s\u1ebd \u0111\u01b0\u1ee3c xem x\u00e9t v\u00e0 ph\u1ea3n h\u1ed3i khi c\u1ea7n thi\u1ebft.<\/p>\n\n\n\n<hr class=\"wp-block-separator has-alpha-channel-opacity\"\/>\n\n\n\n<h2 class=\"wp-block-heading\">C\u1eeda s\u1ed5 t\u01b0 v\u1ea5n v\u1ec1 thu mua \u0111\u1ea5t hi\u1ebfm &amp; xu\u1ea5t kh\u1ea9u sang Nh\u1eadt B\u1ea3n<\/h2>\n\n\n\n<h3 class=\"wp-block-heading\">\u0110\u1ecbnh v\u1ecb c\u1ee7a website<\/h3>\n\n\n\n<p><strong>Kidorui.com<\/strong> l\u00e0 m\u1ed9t <strong>website chuy\u00ean cung c\u1ea5p th\u00f4ng tin<\/strong> v\u1ec1 <strong>ng\u00e0nh c\u00f4ng nghi\u1ec7p \u0111\u1ea5t hi\u1ebfm c\u1ee7a Trung Qu\u1ed1c<\/strong>, bao g\u1ed3m c\u00e1c xu h\u01b0\u1edbng, ch\u00ednh s\u00e1ch, th\u1ecb tr\u01b0\u1eddng v\u00e0 c\u00f4ng ngh\u1ec7 li\u00ean quan.<\/p>\n\n\n\n<p>B\u00ean c\u1ea1nh vi\u1ec7c cung c\u1ea5p th\u00f4ng tin ng\u00e0nh, website n\u00e0y c\u00f2n <strong>ti\u1ebfp nh\u1eadn c\u00e1c y\u00eau c\u1ea7u t\u01b0 v\u1ea5n th\u1ef1c ti\u1ec5n<\/strong> d\u00e0nh cho <strong>doanh nghi\u1ec7p Nh\u1eadt B\u1ea3n<\/strong> v\u1ec1 vi\u1ec7c <strong>thu mua, cung \u1ee9ng v\u00e0 xu\u1ea5t kh\u1ea9u c\u00e1c s\u1ea3n ph\u1ea9m li\u00ean quan \u0111\u1ebfn \u0111\u1ea5t hi\u1ebfm t\u1eeb Trung Qu\u1ed1c<\/strong>.<\/p>\n\n\n\n<p>Th\u00f4ng qua vi\u1ec7c chia s\u1ebb th\u00f4ng tin d\u1ef1a tr\u00ean <strong>m\u00f4i tr\u01b0\u1eddng th\u1ecb tr\u01b0\u1eddng v\u00e0 b\u1ed1i c\u1ea3nh ch\u00ednh s\u00e1ch<\/strong>, ch\u00fang t\u00f4i h\u01b0\u1edbng t\u1edbi vi\u1ec7c h\u1ed7 tr\u1ee3 c\u00e1c \u0111\u00e1nh gi\u00e1 kh\u1ea3 thi v\u1ec1 thu mua, c\u0169ng nh\u01b0 <strong>x\u00e2y d\u1ef1ng m\u1ed1i quan h\u1ec7 giao d\u1ecbch \u1ed5n \u0111\u1ecbnh v\u00e0 l\u00e2u d\u00e0i<\/strong>.<\/p>\n\n\n\n<hr class=\"wp-block-separator has-alpha-channel-opacity\"\/>\n\n\n\n<h2 class=\"wp-block-heading\">N\u1ed9i dung t\u01b0 v\u1ea5n ch\u00ednh c\u00f3 th\u1ec3 ti\u1ebfp nh\u1eadn<\/h2>\n\n\n\n<p>Ch\u00fang t\u00f4i c\u00f3 th\u1ec3 trao \u0111\u1ed5i v\u00e0 t\u01b0 v\u1ea5n \u1edf <strong>c\u1ea5p \u0111\u1ed9 th\u1ef1c ti\u1ec5n<\/strong> v\u1ec1 c\u00e1c n\u1ed9i dung sau:<\/p>\n\n\n\n<ul class=\"wp-block-list\">\n<li>Kh\u1ea3 n\u0103ng thu mua c\u00e1c s\u1ea3n ph\u1ea9m li\u00ean quan \u0111\u1ebfn \u0111\u1ea5t hi\u1ebfm t\u1eeb Trung Qu\u1ed1c<\/li>\n\n\n\n<li>X\u00e1c nh\u1eadn c\u00e1c ch\u1ee7ng lo\u1ea1i v\u00e0 h\u00ecnh th\u1ee9c s\u1ea3n ph\u1ea9m c\u00f3 th\u1ec3 xu\u1ea5t kh\u1ea9u sang Nh\u1eadt B\u1ea3n<\/li>\n\n\n\n<li>T\u1ed5ng h\u1ee3p th\u00f4ng tin v\u1ec1 ti\u00eau chu\u1ea9n, m\u1ee5c \u0111\u00edch s\u1eed d\u1ee5ng, s\u1ed1 l\u01b0\u1ee3ng v\u00e0 \u0111i\u1ec1u ki\u1ec7n cung \u1ee9ng<\/li>\n\n\n\n<li>\u0110\u00e1nh gi\u00e1 r\u1ee7i ro thu mua d\u1ef1a tr\u00ean t\u00ecnh h\u00ecnh cung \u1ee9ng ph\u00eda Trung Qu\u1ed1c<\/li>\n\n\n\n<li>Trao \u0111\u1ed5i \u00fd ki\u1ebfn v\u1ec1 \u0111\u1ed1i t\u00e1c cung \u1ee9ng trung v\u00e0 d\u00e0i h\u1ea1n<\/li>\n\n\n\n<li>Th\u00f4ng tin tham kh\u1ea3o cho quy\u1ebft \u0111\u1ecbnh thu mua d\u1ef1a tr\u00ean xu h\u01b0\u1edbng th\u1ecb tr\u01b0\u1eddng v\u00e0 ch\u00ednh s\u00e1ch<\/li>\n<\/ul>\n\n\n\n<p>\u203b C\u1eeda s\u1ed5 t\u01b0 v\u1ea5n n\u00e0y <strong>kh\u00f4ng nh\u1eb1m m\u1ee5c \u0111\u00edch giao d\u1ecbch mua b\u00e1n ngay l\u1eadp t\u1ee9c<\/strong>,<br>m\u00e0 t\u1eadp trung v\u00e0o <strong>xem x\u00e9t tr\u01b0\u1edbc, x\u00e1c nh\u1eadn v\u00e0 trao \u0111\u1ed5i th\u00f4ng tin<\/strong>.<\/p>\n\n\n\n<hr class=\"wp-block-separator has-alpha-channel-opacity\"\/>\n\n\n\n<h2 class=\"wp-block-heading\">L\u0129nh v\u1ef1c li\u00ean quan \u0111\u1ebfn \u0111\u1ea5t hi\u1ebfm m\u00e0 ch\u00fang t\u00f4i c\u00f3 th\u1ec3 x\u1eed l\u00fd<\/h2>\n\n\n\n<p>Hi\u1ec7n t\u1ea1i, ch\u00fang t\u00f4i ch\u1ee7 y\u1ebfu c\u00f3 th\u1ec3 cung c\u1ea5p th\u00f4ng tin trong c\u00e1c l\u0129nh v\u1ef1c sau:<\/p>\n\n\n\n<hr class=\"wp-block-separator has-alpha-channel-opacity\"\/>\n\n\n\n<h2 class=\"wp-block-heading\">Danh m\u1ee5c \u0111\u1ea7y \u0111\u1ee7 c\u00e1c v\u1eadt li\u1ec7u li\u00ean quan \u0111\u1ebfn \u0111\u1ea5t hi\u1ebfm<\/h2>\n\n\n\n<p>Trang n\u00e0y l\u00e0 <strong>t\u00e0i li\u1ec7u k\u1ef9 thu\u1eadt<\/strong> \u0111\u01b0\u1ee3c t\u1ed5ng h\u1ee3p v\u1ec1 <strong>c\u00e1c nguy\u00ean t\u1ed1 \u0111\u1ea5t hi\u1ebfm v\u00e0 v\u1eadt li\u1ec7u li\u00ean quan<\/strong>,<br>s\u1eed d\u1ee5ng <strong>c\u00e1ch di\u1ec5n \u0111\u1ea1t ti\u1ebfng Nh\u1eadt ti\u00eau chu\u1ea9n<\/strong> \u0111\u01b0\u1ee3c \u00e1p d\u1ee5ng trong ng\u00e0nh v\u1eadt li\u1ec7u, vi\u1ec7n nghi\u00ean c\u1ee9u v\u00e0 ng\u00e0nh s\u1ea3n xu\u1ea5t t\u1ea1i Nh\u1eadt B\u1ea3n,<br>v\u00e0 c\u00f3 th\u1ec3 <strong>\u0111\u0103ng t\u1ea3i tr\u1ef1c ti\u1ebfp tr\u00ean WordPress (website doanh nghi\u1ec7p\/B2B)<\/strong>.<\/p>\n\n\n\n<hr class=\"wp-block-separator has-alpha-channel-opacity\"\/>\n\n\n\n<h3 class=\"wp-block-heading\">1. Danh s\u00e1ch c\u00e1c nguy\u00ean t\u1ed1 \u0111\u1ea5t hi\u1ebfm (17 nguy\u00ean t\u1ed1)<\/h3>\n\n\n\n<p>Nguy\u00ean t\u1ed1 \u0111\u1ea5t hi\u1ebfm l\u00e0 thu\u1eadt ng\u1eef ch\u1ec9 <strong>Scandi (Sc), Yttri (Y)<\/strong> v\u00e0 <strong>15 nguy\u00ean t\u1ed1 nh\u00f3m Lantan<\/strong>.<\/p>\n\n\n\n<p>Sc \u2013 Scandi<br>Y \u2013 Yttri<br>La \u2013 Lantan<br>Ce \u2013 Xeri<br>Pr \u2013 Prazeodymi<br>Nd \u2013 Neodymi<br>Pm \u2013 Promethi<br>Sm \u2013 Samari<br>Eu \u2013 Europi<br>Gd \u2013 Gadolini<br>Tb \u2013 Terbi<br>Dy \u2013 Dysprosi<br>Ho \u2013 Holmi<br>Er \u2013 Erbi<br>Tm \u2013 Thuli<br>Yb \u2013 Ytterbi<br>Lu \u2013 Luteti<\/p>\n\n\n\n<hr class=\"wp-block-separator has-alpha-channel-opacity\"\/>\n\n\n\n<h3 class=\"wp-block-heading\">2. Oxit \u0111\u1ea5t hi\u1ebfm (c\u00f4ng nghi\u1ec7p \/ \u0111\u1ed9 tinh khi\u1ebft cao)<\/h3>\n\n\n\n<p>Oxit \u0111\u1ea5t hi\u1ebfm \u0111\u01b0\u1ee3c s\u1eed d\u1ee5ng r\u1ed9ng r\u00e3i trong <strong>v\u1eadt li\u1ec7u \u0111\u00e1nh b\u00f3ng, nguy\u00ean li\u1ec7u nam ch\u00e2m, v\u1eadt li\u1ec7u ph\u00e1t quang, v\u1eadt li\u1ec7u \u0111i\u1ec7n t\u1eed v\u00e0 g\u1ed1m k\u1ef9 thu\u1eadt<\/strong>.<\/p>\n\n\n\n<ul class=\"wp-block-list\">\n<li>Oxit Lantan (La\u2082O\u2083): k\u00ednh quang h\u1ecdc, ch\u1ea5t x\u00fac t\u00e1c, v\u1eadt li\u1ec7u \u0111i\u1ec7n t\u1eed<\/li>\n\n\n\n<li>Oxit Xeri (CeO\u2082): v\u1eadt li\u1ec7u \u0111\u00e1nh b\u00f3ng, x\u00fac t\u00e1c kh\u00ed th\u1ea3i, h\u1ea5p th\u1ee5 tia UV<\/li>\n\n\n\n<li>Oxit Prazeodymi (Pr\u2086O\u2081\u2081): ch\u1ea5t t\u1ea1o m\u00e0u, nguy\u00ean li\u1ec7u nam ch\u00e2m<\/li>\n\n\n\n<li>Oxit Neodymi (Nd\u2082O\u2083): nam ch\u00e2m neodymi, laser<\/li>\n\n\n\n<li>Oxit Samari (Sm\u2082O\u2083): nam ch\u00e2m Sm-Co, v\u1eadt li\u1ec7u h\u1ea1t nh\u00e2n<\/li>\n\n\n\n<li>Oxit Europi (Eu\u2082O\u2083): b\u1ed9t hu\u1ef3nh quang \u0111\u1ecf, thi\u1ebft b\u1ecb hi\u1ec3n th\u1ecb<\/li>\n\n\n\n<li>Oxit Gadolini (Gd\u2082O\u2083): v\u1eadt li\u1ec7u t\u1eeb t\u00ednh, \u1ee9ng d\u1ee5ng y t\u1ebf<\/li>\n\n\n\n<li>Oxit Terbi (Tb\u2084O\u2087): hu\u1ef3nh quang xanh, ph\u1ee5 gia nam ch\u00e2m<\/li>\n\n\n\n<li>Oxit Dysprosi (Dy\u2082O\u2083): nam ch\u00e2m ch\u1ecbu nhi\u1ec7t cao<\/li>\n\n\n\n<li>Oxit Yttri (Y\u2082O\u2083): g\u1ed1m k\u1ef9 thu\u1eadt, LED, v\u1eadt li\u1ec7u \u1ed5n \u0111\u1ecbnh<\/li>\n\n\n\n<li>Oxit Scandi (Sc\u2082O\u2083): ph\u1ee5 gia h\u1ee3p kim nh\u00f4m, pin nhi\u00ean li\u1ec7u<\/li>\n<\/ul>\n\n\n\n<hr class=\"wp-block-separator has-alpha-channel-opacity\"\/>\n\n\n\n<h3 class=\"wp-block-heading\">3. Kim lo\u1ea1i \u0111\u1ea5t hi\u1ebfm (d\u1ea1ng th\u1ecfi \/ kh\u1ed1i)<\/h3>\n\n\n\n<p>Kim lo\u1ea1i \u0111\u1ea5t hi\u1ebfm \u0111\u01b0\u1ee3c s\u1eed d\u1ee5ng l\u00e0m <strong>ph\u1ee5 gia h\u1ee3p kim, v\u1eadt li\u1ec7u t\u1eeb t\u00ednh v\u00e0 v\u1eadt li\u1ec7u l\u01b0u tr\u1eef hydro<\/strong>.<\/p>\n\n\n\n<ul class=\"wp-block-list\">\n<li>Kim lo\u1ea1i Lantan: h\u1ee3p kim l\u01b0u tr\u1eef hydro, v\u1eadt li\u1ec7u pin<\/li>\n\n\n\n<li>Kim lo\u1ea1i Xeri: ph\u1ee5 gia luy\u1ec7n kim<\/li>\n\n\n\n<li>Kim lo\u1ea1i Neodymi: nguy\u00ean li\u1ec7u nam ch\u00e2m v\u0129nh c\u1eedu<\/li>\n\n\n\n<li>Kim lo\u1ea1i Dysprosi: nam ch\u00e2m l\u1ef1c kh\u00e1ng t\u1eeb cao<\/li>\n\n\n\n<li>Kim lo\u1ea1i Yttri: h\u1ee3p kim ch\u1ecbu nhi\u1ec7t, x\u1eed l\u00fd b\u1ec1 m\u1eb7t<\/li>\n<\/ul>\n\n\n\n<hr class=\"wp-block-separator has-alpha-channel-opacity\"\/>\n\n\n\n<h3 class=\"wp-block-heading\">4. H\u1ee3p kim \u0111\u1ea5t hi\u1ebfm &amp; v\u1eadt li\u1ec7u ch\u1ee9c n\u0103ng<\/h3>\n\n\n\n<ul class=\"wp-block-list\">\n<li>H\u1ee3p kim Prazeodymi\u2013Neodymi: nguy\u00ean li\u1ec7u nam ch\u00e2m neodymi<\/li>\n\n\n\n<li>H\u1ee3p kim Pr\u2013Nd\u2013Dy: nam ch\u00e2m ch\u1ecbu nhi\u1ec7t cao<\/li>\n\n\n\n<li>Mischmetal: pin, luy\u1ec7n kim<\/li>\n\n\n\n<li>Mischmetal c\u1ea5p pin: pin Ni-MH<\/li>\n\n\n\n<li>H\u1ee3p kim Yttri\u2013Nh\u00f4m: v\u1eadt li\u1ec7u h\u00e0ng kh\u00f4ng v\u0169 tr\u1ee5<\/li>\n<\/ul>\n\n\n\n<hr class=\"wp-block-separator has-alpha-channel-opacity\"\/>\n\n\n\n<h3 class=\"wp-block-heading\">5. H\u1ee3p ch\u1ea5t \u0111\u1ea5t hi\u1ebfm (Florua, Borua, v.v.)<\/h3>\n\n\n\n<ul class=\"wp-block-list\">\n<li>Florua Lantan (LaF\u2083): l\u1edbp ph\u1ee7 quang h\u1ecdc<\/li>\n\n\n\n<li>Florua Neodymi (NdF\u2083): tinh luy\u1ec7n kim lo\u1ea1i<\/li>\n\n\n\n<li>Lantan Hexaborua (LaB\u2086): v\u1eadt li\u1ec7u ph\u00e1t x\u1ea1 \u0111i\u1ec7n t\u1eed<\/li>\n\n\n\n<li>Zirconia \u1ed5n \u0111\u1ecbnh Yttri (YSZ): l\u1edbp ph\u1ee7 ch\u1ecbu nhi\u1ec7t<\/li>\n<\/ul>\n\n\n\n<hr class=\"wp-block-separator has-alpha-channel-opacity\"\/>\n\n\n\n<h3 class=\"wp-block-heading\">6. Ph\u00e2n lo\u1ea1i theo \u1ee9ng d\u1ee5ng<\/h3>\n\n\n\n<ul class=\"wp-block-list\">\n<li><strong>V\u1eadt li\u1ec7u nam ch\u00e2m v\u0129nh c\u1eedu<\/strong><\/li>\n\n\n\n<li><strong>V\u1eadt li\u1ec7u ph\u00e1t quang &amp; hi\u1ec3n th\u1ecb<\/strong><\/li>\n\n\n\n<li><strong>V\u1eadt li\u1ec7u x\u00fac t\u00e1c<\/strong><\/li>\n\n\n\n<li><strong>V\u1eadt li\u1ec7u \u0111\u00e1nh b\u00f3ng<\/strong><\/li>\n\n\n\n<li><strong>Pin &amp; n\u0103ng l\u01b0\u1ee3ng<\/strong><\/li>\n<\/ul>\n\n\n\n<hr class=\"wp-block-separator has-alpha-channel-opacity\"\/>\n\n\n\n<h3 class=\"wp-block-heading\">7. Kho\u00e1ng s\u1ea3n t\u00e0i nguy\u00ean \u0111\u1ea5t hi\u1ebfm<\/h3>\n\n\n\n<ul class=\"wp-block-list\">\n<li>Monazite<\/li>\n\n\n\n<li>Bastn\u00e4site<\/li>\n\n\n\n<li>Xenotime<\/li>\n\n\n\n<li>\u0110\u1ea5t s\u00e9t h\u1ea5p ph\u1ee5 ion<\/li>\n\n\n\n<li>B\u00f9n \u0111\u1ea5t hi\u1ebfm<\/li>\n\n\n\n<li>X\u1ec9 \u0111\u1ea5t hi\u1ebfm<\/li>\n<\/ul>\n\n\n\n<hr class=\"wp-block-separator has-alpha-channel-opacity\"\/>\n\n\n\n<h3 class=\"wp-block-heading\">8. Ph\u00e2n lo\u1ea1i \u0111\u1ed9 tinh khi\u1ebft (tham kh\u1ea3o)<\/h3>\n\n\n\n<ul class=\"wp-block-list\">\n<li>C\u1ea5p c\u00f4ng nghi\u1ec7p: 90\u201399%<\/li>\n\n\n\n<li>C\u1ea5p tinh khi\u1ebft cao: 99,9\u201399,99%<\/li>\n\n\n\n<li>C\u1ea5p si\u00eau tinh khi\u1ebft: \u226599,999%<\/li>\n<\/ul>\n\n\n\n<p>\u203b Trang n\u00e0y nh\u1eb1m <strong>m\u1ee5c \u0111\u00edch cung c\u1ea5p th\u00f4ng tin k\u1ef9 thu\u1eadt<\/strong>,<br>th\u00f4ng s\u1ed1 c\u1ee5 th\u1ec3 s\u1ebd thay \u0111\u1ed5i t\u00f9y theo <strong>\u1ee9ng d\u1ee5ng v\u00e0 \u0111i\u1ec1u ki\u1ec7n cung \u1ee9ng<\/strong>.<\/p>\n\n\n\n<p>\u0110\u1ed1i v\u1edbi <strong>ch\u1ee7ng lo\u1ea1i, \u0111\u1ed9 tinh khi\u1ebft, k\u00edch th\u01b0\u1edbc h\u1ea1t v\u00e0 m\u1ee5c \u0111\u00edch s\u1eed d\u1ee5ng c\u1ee5 th\u1ec3<\/strong>,<br>ch\u00fang t\u00f4i s\u1ebd <strong>x\u1eed l\u00fd ri\u00eang theo n\u1ed9i dung t\u01b0 v\u1ea5n<\/strong>.<\/p>\n\n\n\n<hr class=\"wp-block-separator has-alpha-channel-opacity\"\/>\n\n\n\n<h2 class=\"wp-block-heading\">Quan \u0111i\u1ec3m v\u1ec1 xu\u1ea5t kh\u1ea9u v\u00e0 giao d\u1ecbch<\/h2>\n\n\n\n<p>Vi\u1ec7c xu\u1ea5t kh\u1ea9u c\u00e1c s\u1ea3n ph\u1ea9m \u0111\u1ea5t hi\u1ebfm ch\u1ecbu \u1ea3nh h\u01b0\u1edfng l\u1edbn t\u1eeb <strong>ch\u00ednh s\u00e1ch, ch\u1ebf \u0111\u1ed9 v\u00e0 h\u1ec7 th\u1ed1ng qu\u1ea3n l\u00fd n\u1ed9i \u0111\u1ecba c\u1ee7a Trung Qu\u1ed1c<\/strong>.<\/p>\n\n\n\n<p>Website n\u00e0y ch\u00fa tr\u1ecdng cung c\u1ea5p th\u00f4ng tin d\u1ef1a tr\u00ean <strong>ch\u1ebf \u0111\u1ed9 hi\u1ec7n h\u00e0nh v\u00e0 c\u00e1c h\u1ea1n ch\u1ebf th\u1ef1c ti\u1ec5n<\/strong>,<br>kh\u00f4ng \u0111\u01b0a ra c\u00e1c \u0111\u1ec1 xu\u1ea5t <strong>vi ph\u1ea1m quy \u0111\u1ecbnh ho\u1eb7c thi\u1ebfu t\u00ednh kh\u1ea3 thi<\/strong>.<\/p>\n\n\n\n<p>Nguy\u00ean t\u1eafc c\u01a1 b\u1ea3n c\u1ee7a ch\u00fang t\u00f4i l\u00e0 <strong>trao \u0111\u1ed5i th\u00f4ng tin v\u00e0 th\u1ea3o lu\u1eadn<\/strong> d\u1ef1a tr\u00ean <strong>kh\u1ea3 n\u0103ng thu mua v\u00e0 cung \u1ee9ng th\u1ef1c t\u1ebf, b\u1ec1n v\u1eefng v\u00e0 l\u00e2u d\u00e0i<\/strong>.<\/p>\n\n\n\n<hr class=\"wp-block-separator has-alpha-channel-opacity\"\/>\n\n\n\n<h2 class=\"wp-block-heading\">Th\u00f4ng tin li\u00ean h\u1ec7<\/h2>\n\n\n\n<p>M\u1ecdi y\u00eau c\u1ea7u t\u01b0 v\u1ea5n li\u00ean quan \u0111\u1ebfn <strong>thu mua \u0111\u1ea5t hi\u1ebfm, xu\u1ea5t kh\u1ea9u sang Nh\u1eadt B\u1ea3n v\u00e0 h\u1ee3p t\u00e1c giao d\u1ecbch<\/strong>,<br>vui l\u00f2ng li\u00ean h\u1ec7 qua \u0111\u1ecba ch\u1ec9 email d\u01b0\u1edbi \u0111\u00e2y:<\/p>\n\n\n\n<p>\ud83d\udce9 <strong><a>sales@kidorui.com<\/a><\/strong><\/p>\n\n\n\n<p>\u0110\u00e2y l\u00e0 <strong>\u0111i\u1ec3m li\u00ean h\u1ec7 d\u00e0nh cho doanh nghi\u1ec7p v\u00e0 th\u01b0\u01a1ng nh\u00e2n<\/strong>.<br>N\u1ed9i dung li\u00ean h\u1ec7 s\u1ebd \u0111\u01b0\u1ee3c xem x\u00e9t v\u00e0 ph\u1ea3n h\u1ed3i khi c\u1ea7n thi\u1ebft.<\/p>\n\n\n\n<hr class=\"wp-block-separator has-alpha-channel-opacity\"\/>\n\n\n\n<h2 class=\"wp-block-heading\">L\u01b0u \u00fd<\/h2>\n\n\n\n<p>\u203b Trang n\u00e0y nh\u1eb1m <strong>m\u1ee5c \u0111\u00edch cung c\u1ea5p th\u00f4ng tin ng\u00e0nh \u0111\u1ea5t hi\u1ebfm v\u00e0 t\u01b0 v\u1ea5n th\u1ef1c ti\u1ec5n<\/strong>,<br>kh\u00f4ng cam k\u1ebft b\u00e1n s\u1ea3n ph\u1ea9m c\u1ee5 th\u1ec3 ho\u1eb7c \u0111\u1ea3m b\u1ea3o vi\u1ec7c giao d\u1ecbch \u0111\u01b0\u1ee3c th\u1ef1c hi\u1ec7n.<\/p>\n","protected":false},"excerpt":{"rendered":"<p>M\u1ecdi y\u00eau c\u1ea7u t\u01b0 v\u1ea5n li\u00ean quan \u0111\u1ebfn thu mua \u0111\u1ea5t hi\u1ebfm, xu\u1ea5t [&hellip;]<\/p>\n","protected":false},"author":1,"featured_media":0,"parent":174,"menu_order":0,"comment_status":"closed","ping_status":"closed","template":"","meta":{"footnotes":""},"class_list":["post-171","page","type-page","status-publish","hentry"],"_links":{"self":[{"href":"https:\/\/kidorui.com\/index.php?rest_route=\/wp\/v2\/pages\/171","targetHints":{"allow":["GET"]}}],"collection":[{"href":"https:\/\/kidorui.com\/index.php?rest_route=\/wp\/v2\/pages"}],"about":[{"href":"https:\/\/kidorui.com\/index.php?rest_route=\/wp\/v2\/types\/page"}],"author":[{"embeddable":true,"href":"https:\/\/kidorui.com\/index.php?rest_route=\/wp\/v2\/users\/1"}],"replies":[{"embeddable":true,"href":"https:\/\/kidorui.com\/index.php?rest_route=%2Fwp%2Fv2%2Fcomments&post=171"}],"version-history":[{"count":1,"href":"https:\/\/kidorui.com\/index.php?rest_route=\/wp\/v2\/pages\/171\/revisions"}],"predecessor-version":[{"id":173,"href":"https:\/\/kidorui.com\/index.php?rest_route=\/wp\/v2\/pages\/171\/revisions\/173"}],"up":[{"embeddable":true,"href":"https:\/\/kidorui.com\/index.php?rest_route=\/wp\/v2\/pages\/174"}],"wp:attachment":[{"href":"https:\/\/kidorui.com\/index.php?rest_route=%2Fwp%2Fv2%2Fmedia&parent=171"}],"curies":[{"name":"wp","href":"https:\/\/api.w.org\/{rel}","templated":true}]}}